{"id":4834,"date":"2015-07-07T14:07:18","date_gmt":"2015-07-07T11:07:18","guid":{"rendered":"http:\/\/www.amaliahotel.eu\/?page_id=4834"},"modified":"2018-02-28T13:46:48","modified_gmt":"2018-02-28T11:46:48","slug":"apartment-for-5-tr","status":"publish","type":"page","link":"https:\/\/www.amaliahotel.eu\/tr\/diamoni-tr\/apartment-for-5-tr\/","title":{"rendered":"APARTMENT (FOR 5)"},"content":{"rendered":"<div class=\"cols-wrapper cols-2\">\n<div class=\"col\">\n<div class=\"quick-gallery\"><div class=\"qg-img qg-no-title\" data-defwidth=\"383\"><a href=\"https:\/\/www.amaliahotel.eu\/wp-content\/uploads\/2015\/06\/apartment-for-5_01.jpg\" data-rel=\"lightbox[group-48341]\" title=\"\" ><img decoding=\"async\" src=\"https:\/\/www.amaliahotel.eu\/wp-content\/uploads\/2015\/06\/apartment-for-5_01-383x250.jpg\" alt=\"\"\/><div class=\"qg-overlay\"><span class=\"icon-circle\"><span class=\"pg-icon lightbox-icon\"><\/span><\/span><\/div><\/a><\/div><div class=\"qg-img qg-no-title\" data-defwidth=\"383\"><a href=\"https:\/\/www.amaliahotel.eu\/wp-content\/uploads\/2015\/06\/apartment-for-5_03.jpg\" data-rel=\"lightbox[group-48341]\" title=\"\" ><img decoding=\"async\" src=\"https:\/\/www.amaliahotel.eu\/wp-content\/uploads\/2015\/06\/apartment-for-5_03-383x250.jpg\" alt=\"\"\/><div class=\"qg-overlay\"><span class=\"icon-circle\"><span class=\"pg-icon lightbox-icon\"><\/span><\/span><\/div><\/a><\/div><div class=\"qg-img qg-no-title\" data-defwidth=\"383\"><a href=\"https:\/\/www.amaliahotel.eu\/wp-content\/uploads\/2015\/06\/apartment-for-5_04.jpg\" data-rel=\"lightbox[group-48341]\" title=\"\" ><img decoding=\"async\" src=\"https:\/\/www.amaliahotel.eu\/wp-content\/uploads\/2015\/06\/apartment-for-5_04-383x250.jpg\" alt=\"\"\/><div class=\"qg-overlay\"><span class=\"icon-circle\"><span class=\"pg-icon lightbox-icon\"><\/span><\/span><\/div><\/a><\/div><div class=\"qg-img qg-no-title\" data-defwidth=\"383\"><a href=\"https:\/\/www.amaliahotel.eu\/wp-content\/uploads\/2015\/06\/apartment-for-5_02.jpg\" data-rel=\"lightbox[group-48341]\" title=\"\" ><img decoding=\"async\" src=\"https:\/\/www.amaliahotel.eu\/wp-content\/uploads\/2015\/06\/apartment-for-5_02-383x250.jpg\" alt=\"\"\/><div class=\"qg-overlay\"><span class=\"icon-circle\"><span class=\"pg-icon lightbox-icon\"><\/span><\/span><\/div><\/a><\/div><div class=\"clear\"><\/div><\/div>\n<p><center><a class=\"button\" style=\"background-color: #913246;\" href=\"http:\/\/www.amaliahotel.eu\/tr\/room\/apartment-for-5\/\">Rezarvasyon yap\u0131n<\/a><\/center><\/div>\n<div class=\"col nomargin\">\n<p>Geni\u015f ve rahat balkonlu daire, 1 yatak odas\u0131 ve kanepe yatakl\u0131 bir salon oturma odas\u0131 bulunmaktad\u0131r. K\u00fc\u00e7\u00fck mutfa\u011f\u0131nda buzdolab\u0131 ve pi\u015firme imkanlar\u0131 sunulmaktad\u0131r.<\/p>\n<p>Konaklayanlar balkonda sigara i\u00e7ebilmektedir.<br \/>\nBu tip odalarda 5 ki\u015fi konaklayabilmektedir.<\/p>\n<ul class=\"fa-ul\">\n<li><i class=\"fa-li fa fa-expand\"><\/i><strong>Oda B\u00fcy\u00fckl\u00fc\u011f\u00fc:<\/strong> 34 m<sup>2<\/sup><\/li>\n<li><i class=\"fa-li fa fa-hotel\"><\/i><strong>Yatak veya Yataklar\u0131n \u00d6l\u00e7\u00fcleri:<\/strong> 3 adet tek ki\u015filik yatak, 1adet kanepe yatak.<\/li>\n<\/ul>\n<h3>Oda \u00f6zellikleri:<\/h3>\n<div class=\"title-border\"><\/div>\n<div class=\"cols-wrapper cols-2\">\n<div class=\"col\">\n<ul class=\"fa-ul\">\n<li><i class=\"fa-li fa fa-check-square-o\"><\/i>Balkon<\/li>\n<li><i class=\"fa-li fa fa-check-square-o\"><\/i>Deniz Manzaras\u0131<\/li>\n<li><i class=\"fa-li fa fa-check-square-o\"><\/i>Balkan Manzaras\u0131<\/li>\n<li><i class=\"fa-li fa fa-check-square-o\"><\/i>Telefon<\/li>\n<li><i class=\"fa-li fa fa-check-square-o\"><\/i>Kasa<\/li>\n<li><i class=\"fa-li fa fa-check-square-o\"><\/i>Klima<\/li>\n<li><i class=\"fa-li fa fa-check-square-o\"><\/i>Oturma grubu<\/li>\n<li><i class=\"fa-li fa fa-check-square-o\"><\/i>Cibinlik<\/li>\n<li><i class=\"fa-li fa fa-check-square-o\"><\/i>Dolap<\/li>\n<li><i class=\"fa-li fa fa-check-square-o\"><\/i>\u00c7ama\u015f\u0131r kurutma yeri<\/li>\n<li><i class=\"fa-li fa fa-check-square-o\"><\/i>Uydu Televizyonu<\/li>\n<li><i class=\"fa-li fa fa-check-square-o\"><\/i>LCD\/Plasma Ekranl\u0131 Televizyon<\/li>\n<\/ul>\n<\/div>\n<div class=\"col nomargin\">\n<ul class=\"fa-ul\">\n<li><i class=\"fa-li fa fa-check-square-o\"><\/i>Du\u015f<\/li>\n<li><i class=\"fa-li fa fa-check-square-o\"><\/i>Sa\u00e7 kurutma cihaz\u0131<\/li>\n<li><i class=\"fa-li fa fa-check-square-o\"><\/i>\u00fccretsiz bak\u0131m \u00fcr\u00fcnleri<\/li>\n<li><i class=\"fa-li fa fa-check-square-o\"><\/i>tuvalet<\/li>\n<li><i class=\"fa-li fa fa-check-square-o\"><\/i>banyo<\/li>\n<li><i class=\"fa-li fa fa-check-square-o\"><\/i>K\u00fc\u00e7\u00fck Mutfak<\/li>\n<li><i class=\"fa-li fa fa-check-square-o\"><\/i>Buzdolab\u0131<\/li>\n<li><i class=\"fa-li fa fa-check-square-o\"><\/i>mutfak e\u015fyalar\u0131<\/li>\n<li><i class=\"fa-li fa fa-check-square-o\"><\/i>F\u0131r\u0131n<\/li>\n<li><i class=\"fa-li fa fa-check-square-o\"><\/i>Ocak<\/li>\n<li><i class=\"fa-li fa fa-check-square-o\"><\/i>uyand\u0131rma hizmeti<\/li>\n<li><i class=\"fa-li fa fa-check-square-o\"><\/i>B\u00fct\u00fcn odalarda \u00fccretsiz WiFi imkan\u0131 vard\u0131r<\/li>\n<\/ul>\n<\/div>\n<\/div>\n<\/div>\n<\/div>\n","protected":false},"excerpt":{"rendered":"<p>Rezarvasyon yap\u0131n Geni\u015f ve rahat balkonlu daire, 1 yatak odas\u0131 ve kanepe yatakl\u0131 bir salon oturma odas\u0131 bulunmaktad\u0131r. K\u00fc\u00e7\u00fck mutfa\u011f\u0131nda [&hellip;]<\/p>\n","protected":false},"author":1,"featured_media":0,"parent":4788,"menu_order":0,"comment_status":"open","ping_status":"closed","template":"template-full-custom.php","meta":{"_glsr_average":0,"_glsr_ranking":0,"_glsr_reviews":0,"footnotes":""},"class_list":["post-4834","page","type-page","status-publish","hentry"],"aioseo_notices":[],"_links":{"self":[{"href":"https:\/\/www.amaliahotel.eu\/tr\/wp-json\/wp\/v2\/pages\/4834","targetHints":{"allow":["GET"]}}],"collection":[{"href":"https:\/\/www.amaliahotel.eu\/tr\/wp-json\/wp\/v2\/pages"}],"about":[{"href":"https:\/\/www.amaliahotel.eu\/tr\/wp-json\/wp\/v2\/types\/page"}],"author":[{"embeddable":true,"href":"https:\/\/www.amaliahotel.eu\/tr\/wp-json\/wp\/v2\/users\/1"}],"replies":[{"embeddable":true,"href":"https:\/\/www.amaliahotel.eu\/tr\/wp-json\/wp\/v2\/comments?post=4834"}],"version-history":[{"count":2,"href":"https:\/\/www.amaliahotel.eu\/tr\/wp-json\/wp\/v2\/pages\/4834\/revisions"}],"predecessor-version":[{"id":5479,"href":"https:\/\/www.amaliahotel.eu\/tr\/wp-json\/wp\/v2\/pages\/4834\/revisions\/5479"}],"up":[{"embeddable":true,"href":"https:\/\/www.amaliahotel.eu\/tr\/wp-json\/wp\/v2\/pages\/4788"}],"wp:attachment":[{"href":"https:\/\/www.amaliahotel.eu\/tr\/wp-json\/wp\/v2\/media?parent=4834"}],"curies":[{"name":"wp","href":"https:\/\/api.w.org\/{rel}","templated":true}]}}