{"id":4795,"date":"2015-07-07T13:14:05","date_gmt":"2015-07-07T10:14:05","guid":{"rendered":"http:\/\/www.amaliahotel.eu\/?page_id=4795"},"modified":"2015-07-07T13:38:02","modified_gmt":"2015-07-07T10:38:02","slug":"kratiseis-tr","status":"publish","type":"page","link":"https:\/\/www.amaliahotel.eu\/tr\/kratiseis-tr\/","title":{"rendered":"Rezervasyon"},"content":{"rendered":"<div class=\"cols-wrapper cols-3\">\n<div class=\"col\">\n<div class=\"quick-gallery\">\n<a title=\"\" href=\"http:\/\/www.amaliahotel.eu\/tr\/kratiseis-tr\/apartment-for-2-kante-kratisi-tr\/\"><\/p>\n<div class=\"qg-img\" style=\"width: 285px; height: auto;\" data-defwidth=\"383\"><img decoding=\"async\" style=\"opacity: 1;\" src=\"http:\/\/www.amaliahotel.eu\/wp-content\/uploads\/2015\/06\/apartment-for-2_01-383x250.jpg\" alt=\"\" \/><\/p>\n<div class=\"qg-overlay\"><span class=\"qg-title\">APARTMENT (FOR 2) &#8211; Rezarvasyon yap\u0131n<\/span><\/div>\n<\/div>\n<p><\/a>\n<\/div>\n<\/div>\n<div class=\"col\">\n<div class=\"quick-gallery\">\n<a title=\"\" href=\"http:\/\/www.amaliahotel.eu\/tr\/kratiseis-tr\/apartment-for-4-kante-kratisi-tr\/\"><\/p>\n<div class=\"qg-img\" style=\"width: 285px; height: auto;\" data-defwidth=\"383\"><img decoding=\"async\" style=\"opacity: 1;\" src=\"http:\/\/www.amaliahotel.eu\/wp-content\/uploads\/2015\/06\/apartment-for-4_01-383x250.jpg\" alt=\"\" \/><\/p>\n<div class=\"qg-overlay\"><span class=\"qg-title\">APARTMENT (FOR 4) &#8211; Rezarvasyon yap\u0131n<\/span><\/div>\n<\/div>\n<p><\/a>\n<\/div>\n<\/div>\n<div class=\"col nomargin\">\n<div class=\"quick-gallery\">\n<a title=\"\" href=\"http:\/\/www.amaliahotel.eu\/tr\/kratiseis-tr\/apartment-for-5-kante-kratisi-tr\/\"><\/p>\n<div class=\"qg-img\" style=\"width: 285px; height: auto;\" data-defwidth=\"383\"><img decoding=\"async\" style=\"opacity: 1;\" src=\"http:\/\/www.amaliahotel.eu\/wp-content\/uploads\/2015\/06\/apartment-for-5_01-383x250.jpg\" alt=\"\" \/><\/p>\n<div class=\"qg-overlay\"><span class=\"qg-title\">APARTMENT (FOR 5) &#8211; Rezarvasyon yap\u0131n<\/span><\/div>\n<\/div>\n<p><\/a>\n<\/div>\n<\/div>\n<\/div>\n<p>&nbsp;<\/p>\n<div class=\"cols-wrapper cols-3\">\n<div class=\"col\">\n<div class=\"quick-gallery\">\n<a title=\"\" href=\"http:\/\/www.amaliahotel.eu\/tr\/kratiseis-tr\/twin-kante-kratisi-tr\/\"><\/p>\n<div class=\"qg-img\" style=\"width: 285px; height: auto;\" data-defwidth=\"383\"><img decoding=\"async\" style=\"opacity: 1;\" src=\"http:\/\/www.amaliahotel.eu\/wp-content\/uploads\/2015\/06\/twin-01-383x250.jpg\" alt=\"\" \/><\/p>\n<div class=\"qg-overlay\"><span class=\"qg-title\">TWIN &#8211; Rezarvasyon yap\u0131n<\/span><\/div>\n<\/div>\n<p><\/a>\n<\/div>\n<\/div>\n<div class=\"col\">\n<div class=\"quick-gallery\">\n<a title=\"\" href=\"http:\/\/www.amaliahotel.eu\/tr\/kratiseis-tr\/double-kante-kratisi-tr\/\"><\/p>\n<div class=\"qg-img\" style=\"width: 285px; height: auto;\" data-defwidth=\"383\"><img decoding=\"async\" style=\"opacity: 1;\" src=\"http:\/\/www.amaliahotel.eu\/wp-content\/uploads\/2015\/06\/double_01-383x250.jpg\" alt=\"\" \/><\/p>\n<div class=\"qg-overlay\"><span class=\"qg-title\">DOUBLE &#8211; Rezarvasyon yap\u0131n<\/span><\/div>\n<\/div>\n<p><\/a>\n<\/div>\n<\/div>\n<div class=\"col nomargin\">\n<div class=\"quick-gallery\">\n<a title=\"\" href=\"http:\/\/www.amaliahotel.eu\/tr\/kratiseis-tr\/superior-kante-kratisi-tr\/\"><\/p>\n<div class=\"qg-img\" style=\"width: 285px; height: auto;\" data-defwidth=\"383\"><img decoding=\"async\" style=\"opacity: 1;\" src=\"http:\/\/www.amaliahotel.eu\/wp-content\/uploads\/2015\/06\/superior_01-383x250.jpg\" alt=\"\" \/><\/p>\n<div class=\"qg-overlay\"><span class=\"qg-title\">SUPERIOR &#8211; Rezarvasyon yap\u0131n<\/span><\/div>\n<\/div>\n<p><\/a>\n<\/div>\n<\/div>\n<\/div>\n<p>&nbsp;<\/p>\n<div class=\"cols-wrapper cols-3\">\n<div class=\"col\"><\/div>\n<div class=\"col\">\n<div class=\"quick-gallery\">\n<a title=\"\" href=\"http:\/\/www.amaliahotel.eu\/tr\/kratiseis-tr\/amea-kante-kratisi-tr\/\"><\/p>\n<div class=\"qg-img\" style=\"width: 285px; height: auto;\" data-defwidth=\"383\"><img decoding=\"async\" style=\"opacity: 1;\" src=\"http:\/\/www.amaliahotel.eu\/wp-content\/uploads\/2015\/06\/amea-01-383x250.jpg\" alt=\"\" \/><\/p>\n<div class=\"qg-overlay\"><span class=\"qg-title\">F\u0130Z\u0130KSEL ENGELL\u0130LER &#8211; Rezarvasyon yap\u0131n<\/span><\/div>\n<\/div>\n<p><\/a>\n<\/div>\n<\/div>\n<div class=\"col nomargin\"><\/div>\n<\/div>\n","protected":false},"excerpt":{"rendered":"<p>APARTMENT (FOR 2) &#8211; Rezarvasyon yap\u0131n APARTMENT (FOR 4) &#8211; Rezarvasyon yap\u0131n APARTMENT (FOR 5) &#8211; Rezarvasyon yap\u0131n &nbsp; TWIN [&hellip;]<\/p>\n","protected":false},"author":1,"featured_media":0,"parent":0,"menu_order":0,"comment_status":"open","ping_status":"closed","template":"template-full-custom.php","meta":{"_glsr_average":0,"_glsr_ranking":0,"_glsr_reviews":0,"footnotes":""},"class_list":["post-4795","page","type-page","status-publish","hentry"],"aioseo_notices":[],"_links":{"self":[{"href":"https:\/\/www.amaliahotel.eu\/tr\/wp-json\/wp\/v2\/pages\/4795","targetHints":{"allow":["GET"]}}],"collection":[{"href":"https:\/\/www.amaliahotel.eu\/tr\/wp-json\/wp\/v2\/pages"}],"about":[{"href":"https:\/\/www.amaliahotel.eu\/tr\/wp-json\/wp\/v2\/types\/page"}],"author":[{"embeddable":true,"href":"https:\/\/www.amaliahotel.eu\/tr\/wp-json\/wp\/v2\/users\/1"}],"replies":[{"embeddable":true,"href":"https:\/\/www.amaliahotel.eu\/tr\/wp-json\/wp\/v2\/comments?post=4795"}],"version-history":[{"count":3,"href":"https:\/\/www.amaliahotel.eu\/tr\/wp-json\/wp\/v2\/pages\/4795\/revisions"}],"predecessor-version":[{"id":4818,"href":"https:\/\/www.amaliahotel.eu\/tr\/wp-json\/wp\/v2\/pages\/4795\/revisions\/4818"}],"wp:attachment":[{"href":"https:\/\/www.amaliahotel.eu\/tr\/wp-json\/wp\/v2\/media?parent=4795"}],"curies":[{"name":"wp","href":"https:\/\/api.w.org\/{rel}","templated":true}]}}