{"id":4788,"date":"2015-07-07T13:08:15","date_gmt":"2015-07-07T10:08:15","guid":{"rendered":"http:\/\/www.amaliahotel.eu\/?page_id=4788"},"modified":"2015-07-07T14:52:33","modified_gmt":"2015-07-07T11:52:33","slug":"diamoni-tr","status":"publish","type":"page","link":"https:\/\/www.amaliahotel.eu\/tr\/diamoni-tr\/","title":{"rendered":"KONAKLAMA"},"content":{"rendered":"<p>&nbsp;<\/p>\n<div class=\"cols-wrapper cols-2\">\n<div class=\"col\">\n<p>AMALIA HOTEL, \u015fehirin g\u00fcr\u00fclt\u00fcs\u00fcnden ve seslerinden uzak, g\u00fczel Kavala\u2019ya \u00e7ok yak\u0131n olan Palio mevkiinde bulunmaktad\u0131r.<\/p>\n<p>2001 y\u0131l\u0131n\u0131n A\u011fustos ay\u0131nda faaliyete ge\u00e7ti 2007 y\u0131l\u0131nda tamamen yenilendi 2014 y\u0131l\u0131n\u0131n Aral\u0131k ay\u0131nda da tekrar tadilat\u0131 yap\u0131ld\u0131. Denize 150 metre mesafede yeni l\u00fcks daireler sitesidir.<\/p>\n<div class=\"quick-gallery\"><div class=\"qg-img\" data-defwidth=\"383\"><a href=\"https:\/\/www.amaliahotel.eu\/wp-content\/uploads\/2015\/06\/amalia-hotel-owner-01.jpg\" data-rel=\"lightbox[group-47881]\" title=\"\" ><img decoding=\"async\" src=\"https:\/\/www.amaliahotel.eu\/wp-content\/uploads\/2015\/06\/amalia-hotel-owner-01-383x250.jpg\" alt=\"\"\/><div class=\"qg-overlay\"><span class=\"icon-circle\"><span class=\"pg-icon lightbox-icon\"><\/span><\/span><span class=\"qg-title\">Costas<\/span><\/div><\/a><\/div><div class=\"qg-img\" data-defwidth=\"383\"><a href=\"https:\/\/www.amaliahotel.eu\/wp-content\/uploads\/2015\/06\/amalia-hotel-owner-02.jpg\" data-rel=\"lightbox[group-47881]\" title=\"\" ><img decoding=\"async\" src=\"https:\/\/www.amaliahotel.eu\/wp-content\/uploads\/2015\/06\/amalia-hotel-owner-02-383x250.jpg\" alt=\"\"\/><div class=\"qg-overlay\"><span class=\"icon-circle\"><span class=\"pg-icon lightbox-icon\"><\/span><\/span><span class=\"qg-title\">Vassiliki<\/span><\/div><\/a><\/div><div class=\"clear\"><\/div><\/div>\n<\/div>\n<div class=\"col nomargin\">\n<p>HOTEL AMALIA 14 (tek odal\u0131 ve iki odal\u0131) mobilyal\u0131 dayal\u0131 d\u00f6\u015feli (bunlardan 8\u2019i s\u00fcit) dairelerden olu\u015fmaktad\u0131r.<\/p>\n<p>T\u00fcm dairelerde (so\u011fuk,s\u0131cak) klima, hepsinde \u00f6zel ve rahat banyo, LCD uydu televizyon, telefon, deniz ve balkan manzaral\u0131 balkonlar, tam donan\u0131ml\u0131 buzdolapl\u0131 mutfak, k\u00fc\u00e7\u00fck f\u0131r\u0131n ve mutfak e\u015fyalar\u0131. Misafirperver atmosferli kafeteriada kahvalt\u0131 ve kahvenin tad\u0131n\u0131 \u00e7\u0131karabilirsiniz. Arkada\u015flar\u0131 ile mangal keyfi yapmak isteyenin de tek yapmas\u0131 gereken barbek\u00fcy\u00fc kullanmakt\u0131r.<\/p>\n<\/div>\n<\/div>\n<p>&nbsp;<\/p>\n","protected":false},"excerpt":{"rendered":"<p>&nbsp; AMALIA HOTEL, \u015fehirin g\u00fcr\u00fclt\u00fcs\u00fcnden ve seslerinden uzak, g\u00fczel Kavala\u2019ya \u00e7ok yak\u0131n olan Palio mevkiinde bulunmaktad\u0131r. 2001 y\u0131l\u0131n\u0131n A\u011fustos ay\u0131nda [&hellip;]<\/p>\n","protected":false},"author":1,"featured_media":0,"parent":0,"menu_order":0,"comment_status":"open","ping_status":"closed","template":"template-full-custom.php","meta":{"_glsr_average":0,"_glsr_ranking":0,"_glsr_reviews":0,"footnotes":""},"class_list":["post-4788","page","type-page","status-publish","hentry"],"aioseo_notices":[],"_links":{"self":[{"href":"https:\/\/www.amaliahotel.eu\/tr\/wp-json\/wp\/v2\/pages\/4788","targetHints":{"allow":["GET"]}}],"collection":[{"href":"https:\/\/www.amaliahotel.eu\/tr\/wp-json\/wp\/v2\/pages"}],"about":[{"href":"https:\/\/www.amaliahotel.eu\/tr\/wp-json\/wp\/v2\/types\/page"}],"author":[{"embeddable":true,"href":"https:\/\/www.amaliahotel.eu\/tr\/wp-json\/wp\/v2\/users\/1"}],"replies":[{"embeddable":true,"href":"https:\/\/www.amaliahotel.eu\/tr\/wp-json\/wp\/v2\/comments?post=4788"}],"version-history":[{"count":3,"href":"https:\/\/www.amaliahotel.eu\/tr\/wp-json\/wp\/v2\/pages\/4788\/revisions"}],"predecessor-version":[{"id":4886,"href":"https:\/\/www.amaliahotel.eu\/tr\/wp-json\/wp\/v2\/pages\/4788\/revisions\/4886"}],"wp:attachment":[{"href":"https:\/\/www.amaliahotel.eu\/tr\/wp-json\/wp\/v2\/media?parent=4788"}],"curies":[{"name":"wp","href":"https:\/\/api.w.org\/{rel}","templated":true}]}}