{"id":2939,"date":"2015-06-30T15:57:03","date_gmt":"2015-06-30T12:57:03","guid":{"rendered":"http:\/\/www.amaliahotel.eu\/index2.php\/?page_id=2939"},"modified":"2015-07-09T10:31:52","modified_gmt":"2015-07-09T07:31:52","slug":"kratiseis-ro","status":"publish","type":"page","link":"https:\/\/www.amaliahotel.eu\/ro\/kratiseis-ro\/","title":{"rendered":"Rezerv\u0103ri"},"content":{"rendered":"<div class=\"cols-wrapper cols-3\">\n<div class=\"col\">\n<div class=\"quick-gallery\">\n<a title=\"\" href=\"http:\/\/www.amaliahotel.eu\/ro\/kratiseis-ro\/apartment-for-2-kante-kratisi-ro\/\"><\/p>\n<div class=\"qg-img\" style=\"width: 285px; height: auto;\" data-defwidth=\"383\"><img decoding=\"async\" style=\"opacity: 1;\" src=\"http:\/\/www.amaliahotel.eu\/wp-content\/uploads\/2015\/06\/apartment-for-2_01-383x250.jpg\" alt=\"\" \/><\/p>\n<div class=\"qg-overlay\"><span class=\"qg-title\">APARTAMENT 2 PERSOANE &#8211; Face\u0163i rezervare<\/span><\/div>\n<\/div>\n<p><\/a>\n<\/div>\n<\/div>\n<div class=\"col\">\n<div class=\"quick-gallery\">\n<a title=\"\" href=\"http:\/\/www.amaliahotel.eu\/ro\/kratiseis-ro\/apartment-for-4-kante-kratisi-ro\/\"><\/p>\n<div class=\"qg-img\" style=\"width: 285px; height: auto;\" data-defwidth=\"383\"><img decoding=\"async\" style=\"opacity: 1;\" src=\"http:\/\/www.amaliahotel.eu\/wp-content\/uploads\/2015\/06\/apartment-for-4_01-383x250.jpg\" alt=\"\" \/><\/p>\n<div class=\"qg-overlay\"><span class=\"qg-title\">APARTAMENT 4 PERSOANE &#8211; Face\u0163i rezervare<\/span><\/div>\n<\/div>\n<p><\/a>\n<\/div>\n<\/div>\n<div class=\"col nomargin\">\n<div class=\"quick-gallery\">\n<a title=\"\" href=\"http:\/\/www.amaliahotel.eu\/ro\/kratiseis-ro\/apartment-for-5-kante-kratisi-ro\/\"><\/p>\n<div class=\"qg-img\" style=\"width: 285px; height: auto;\" data-defwidth=\"383\"><img decoding=\"async\" style=\"opacity: 1;\" src=\"http:\/\/www.amaliahotel.eu\/wp-content\/uploads\/2015\/06\/apartment-for-5_01-383x250.jpg\" alt=\"\" \/><\/p>\n<div class=\"qg-overlay\"><span class=\"qg-title\">APARTAMENT 5 PERSOANE &#8211; Face\u0163i rezervare<\/span><\/div>\n<\/div>\n<p><\/a>\n<\/div>\n<\/div>\n<\/div>\n<p>&nbsp;<\/p>\n<div class=\"cols-wrapper cols-3\">\n<div class=\"col\">\n<div class=\"quick-gallery\">\n<a title=\"\" href=\"http:\/\/www.amaliahotel.eu\/ro\/kratiseis-ro\/twin-kante-kratisi-ro\/\"><\/p>\n<div class=\"qg-img\" style=\"width: 285px; height: auto;\" data-defwidth=\"383\"><img decoding=\"async\" style=\"opacity: 1;\" src=\"http:\/\/www.amaliahotel.eu\/wp-content\/uploads\/2015\/06\/twin-01-383x250.jpg\" alt=\"\" \/><\/p>\n<div class=\"qg-overlay\"><span class=\"qg-title\">TWIN &#8211; Face\u0163i rezervare<\/span><\/div>\n<\/div>\n<p><\/a>\n<\/div>\n<\/div>\n<div class=\"col\">\n<div class=\"quick-gallery\">\n<a title=\"\" href=\"http:\/\/www.amaliahotel.eu\/ro\/kratiseis-ro\/double-kante-kratisi-ro\/\"><\/p>\n<div class=\"qg-img\" style=\"width: 285px; height: auto;\" data-defwidth=\"383\"><img decoding=\"async\" style=\"opacity: 1;\" src=\"http:\/\/www.amaliahotel.eu\/wp-content\/uploads\/2015\/06\/double_01-383x250.jpg\" alt=\"\" \/><\/p>\n<div class=\"qg-overlay\"><span class=\"qg-title\">CAMER\u0102 DUBL\u0102 &#8211; Face\u0163i rezervare<\/span><\/div>\n<\/div>\n<p><\/a>\n<\/div>\n<\/div>\n<div class=\"col nomargin\">\n<div class=\"quick-gallery\">\n<a title=\"\" href=\"http:\/\/www.amaliahotel.eu\/ro\/kratiseis-ro\/superior-kante-kratisi-ro\/\"><\/p>\n<div class=\"qg-img\" style=\"width: 285px; height: auto;\" data-defwidth=\"383\"><img decoding=\"async\" style=\"opacity: 1;\" src=\"http:\/\/www.amaliahotel.eu\/wp-content\/uploads\/2015\/06\/superior_01-383x250.jpg\" alt=\"\" \/><\/p>\n<div class=\"qg-overlay\"><span class=\"qg-title\">SUPERIOR &#8211; Face\u0163i rezervare<\/span><\/div>\n<\/div>\n<p><\/a>\n<\/div>\n<\/div>\n<\/div>\n<p>&nbsp;<\/p>\n<div class=\"cols-wrapper cols-3\">\n<div class=\"col\"><\/div>\n<div class=\"col\">\n<div class=\"quick-gallery\">\n<a title=\"\" href=\"http:\/\/www.amaliahotel.eu\/ro\/kratiseis-ro\/amea-kante-kratisi-ro\/\"><\/p>\n<div class=\"qg-img\" style=\"width: 285px; height: auto;\" data-defwidth=\"383\"><img decoding=\"async\" style=\"opacity: 1;\" src=\"http:\/\/www.amaliahotel.eu\/wp-content\/uploads\/2015\/06\/amea-01-383x250.jpg\" alt=\"\" \/><\/p>\n<div class=\"qg-overlay\"><span class=\"qg-title\">AMEA &#8211; PERSOANE CU HANDICAP &#8211; Face\u0163i rezervare<\/span><\/div>\n<\/div>\n<p><\/a>\n<\/div>\n<\/div>\n<div class=\"col nomargin\"><\/div>\n<\/div>\n","protected":false},"excerpt":{"rendered":"<p>APARTAMENT 2 PERSOANE &#8211; Face\u0163i rezervare APARTAMENT 4 PERSOANE &#8211; Face\u0163i rezervare APARTAMENT 5 PERSOANE &#8211; Face\u0163i rezervare &nbsp; TWIN [&hellip;]<\/p>\n","protected":false},"author":1,"featured_media":0,"parent":0,"menu_order":0,"comment_status":"open","ping_status":"closed","template":"template-full-custom.php","meta":{"_glsr_average":0,"_glsr_ranking":0,"_glsr_reviews":0,"footnotes":""},"class_list":["post-2939","page","type-page","status-publish","hentry"],"aioseo_notices":[],"_links":{"self":[{"href":"https:\/\/www.amaliahotel.eu\/ro\/wp-json\/wp\/v2\/pages\/2939","targetHints":{"allow":["GET"]}}],"collection":[{"href":"https:\/\/www.amaliahotel.eu\/ro\/wp-json\/wp\/v2\/pages"}],"about":[{"href":"https:\/\/www.amaliahotel.eu\/ro\/wp-json\/wp\/v2\/types\/page"}],"author":[{"embeddable":true,"href":"https:\/\/www.amaliahotel.eu\/ro\/wp-json\/wp\/v2\/users\/1"}],"replies":[{"embeddable":true,"href":"https:\/\/www.amaliahotel.eu\/ro\/wp-json\/wp\/v2\/comments?post=2939"}],"version-history":[{"count":7,"href":"https:\/\/www.amaliahotel.eu\/ro\/wp-json\/wp\/v2\/pages\/2939\/revisions"}],"predecessor-version":[{"id":4997,"href":"https:\/\/www.amaliahotel.eu\/ro\/wp-json\/wp\/v2\/pages\/2939\/revisions\/4997"}],"wp:attachment":[{"href":"https:\/\/www.amaliahotel.eu\/ro\/wp-json\/wp\/v2\/media?parent=2939"}],"curies":[{"name":"wp","href":"https:\/\/api.w.org\/{rel}","templated":true}]}}