{"id":2933,"date":"2015-06-30T15:25:44","date_gmt":"2015-06-30T12:25:44","guid":{"rendered":"http:\/\/www.amaliahotel.eu\/index2.php\/?page_id=2933"},"modified":"2018-02-28T13:54:03","modified_gmt":"2018-02-28T11:54:03","slug":"double-ro","status":"publish","type":"page","link":"https:\/\/www.amaliahotel.eu\/ro\/diamoni-ro\/double-ro\/","title":{"rendered":"CAMER\u0102 DUBL\u0102"},"content":{"rendered":"<div class=\"cols-wrapper cols-2\">\n<div class=\"col\">\n<div class=\"quick-gallery\"><div class=\"qg-img qg-no-title\" data-defwidth=\"383\"><a href=\"https:\/\/www.amaliahotel.eu\/wp-content\/uploads\/2015\/06\/double_01.jpg\" data-rel=\"lightbox[group-29331]\" title=\"\" ><img decoding=\"async\" src=\"https:\/\/www.amaliahotel.eu\/wp-content\/uploads\/2015\/06\/double_01-383x250.jpg\" alt=\"\"\/><div class=\"qg-overlay\"><span class=\"icon-circle\"><span class=\"pg-icon lightbox-icon\"><\/span><\/span><\/div><\/a><\/div><div class=\"qg-img qg-no-title\" data-defwidth=\"383\"><a href=\"https:\/\/www.amaliahotel.eu\/wp-content\/uploads\/2015\/06\/double_02.jpg\" data-rel=\"lightbox[group-29331]\" title=\"\" ><img decoding=\"async\" src=\"https:\/\/www.amaliahotel.eu\/wp-content\/uploads\/2015\/06\/double_02-383x250.jpg\" alt=\"\"\/><div class=\"qg-overlay\"><span class=\"icon-circle\"><span class=\"pg-icon lightbox-icon\"><\/span><\/span><\/div><\/a><\/div><div class=\"qg-img qg-no-title\" data-defwidth=\"383\"><a href=\"https:\/\/www.amaliahotel.eu\/wp-content\/uploads\/2015\/06\/double_03.jpg\" data-rel=\"lightbox[group-29331]\" title=\"\" ><img decoding=\"async\" src=\"https:\/\/www.amaliahotel.eu\/wp-content\/uploads\/2015\/06\/double_03-383x250.jpg\" alt=\"\"\/><div class=\"qg-overlay\"><span class=\"icon-circle\"><span class=\"pg-icon lightbox-icon\"><\/span><\/span><\/div><\/a><\/div><div class=\"qg-img qg-no-title\" data-defwidth=\"383\"><a href=\"https:\/\/www.amaliahotel.eu\/wp-content\/uploads\/2015\/06\/double_04.jpg\" data-rel=\"lightbox[group-29331]\" title=\"\" ><img decoding=\"async\" src=\"https:\/\/www.amaliahotel.eu\/wp-content\/uploads\/2015\/06\/double_04-383x250.jpg\" alt=\"\"\/><div class=\"qg-overlay\"><span class=\"icon-circle\"><span class=\"pg-icon lightbox-icon\"><\/span><\/span><\/div><\/a><\/div><div class=\"clear\"><\/div><\/div>\n<p><center><a class=\"button\" style=\"background-color: #913246;\" href=\"http:\/\/www.amaliahotel.eu\/ro\/room\/double\/\">Face\u0163i rezervare<\/a><\/center><\/div>\n<div class=\"col nomargin\">\n<p>Studio spa\u0163ios cu aer condi\u0163ionat, balcon \u015fi o mic\u0103 buc\u0103t\u0103rie cu frigider \u015fi posibilit\u0103\u0163i de g\u0103tit. Toate camerele sunt dotate cu canapea-pat.<br \/>\nV\u0103 rug\u0103m s\u0103 nota\u0163i c\u0103 vizitarilor le este permis fumatul pe balcon.<\/p>\n<ul class=\"fa-ul\">\n<li><i class=\"fa-li fa fa-expand\"><\/i><strong>Suprafa\u0163\u0103 camer\u0103:<\/strong> 28 m<sup>2<\/sup><\/li>\n<li><i class=\"fa-li fa fa-hotel\"><\/i><strong>Dimensiune pat (paturi):<\/strong> 1 canapea \u2013pat, 1 pat dublu.<\/li>\n<\/ul>\n<h3>Dot\u0103ri camer\u0103:<\/h3>\n<div class=\"title-border\"><\/div>\n<div class=\"cols-wrapper cols-2\">\n<div class=\"col\">\n<ul class=\"fa-ul\">\n<li><i class=\"fa-li fa fa-check-square-o\"><\/i>Balcon<\/li>\n<li><i class=\"fa-li fa fa-check-square-o\"><\/i>Vedere la mare<\/li>\n<li><i class=\"fa-li fa fa-check-square-o\"><\/i>Vedere la munte<\/li>\n<li><i class=\"fa-li fa fa-check-square-o\"><\/i>Telefon<\/li>\n<li><i class=\"fa-li fa fa-check-square-o\"><\/i>televizor cu anten\u0103 satelit<\/li>\n<li><i class=\"fa-li fa fa-check-square-o\"><\/i>Cas\u0103 de bani<\/li>\n<li><i class=\"fa-li fa fa-check-square-o\"><\/i>Aer condi\u0163ionat<\/li>\n<li><i class=\"fa-li fa fa-check-square-o\"><\/i>Canapea<\/li>\n<li><i class=\"fa-li fa fa-check-square-o\"><\/i>\u015eifonier<\/li>\n<li><i class=\"fa-li fa fa-check-square-o\"><\/i>Suport pentru \u00eentins rufe<\/li>\n<li><i class=\"fa-li fa fa-check-square-o\"><\/i>Du\u015f<\/li>\n<li><i class=\"fa-li fa fa-check-square-o\"><\/i>Usc\u0103tor de p\u0103r<\/li>\n<\/ul>\n<\/div>\n<div class=\"col nomargin\">\n<ul class=\"fa-ul\">\n<li><i class=\"fa-li fa fa-check-square-o\"><\/i>Produse gratuite de \u00eengrijire corporal\u0103<\/li>\n<li><i class=\"fa-li fa fa-check-square-o\"><\/i>WC<\/li>\n<li><i class=\"fa-li fa fa-check-square-o\"><\/i>Baie<\/li>\n<li><i class=\"fa-li fa fa-check-square-o\"><\/i>Buc\u0103t\u0103rie<\/li>\n<li><i class=\"fa-li fa fa-check-square-o\"><\/i>Frigider<\/li>\n<li><i class=\"fa-li fa fa-check-square-o\"><\/i>Vase de buc\u0103t\u0103rie<\/li>\n<li><i class=\"fa-li fa fa-check-square-o\"><\/i>Cuptor<\/li>\n<li><i class=\"fa-li fa fa-check-square-o\"><\/i>Aragaz<\/li>\n<li><i class=\"fa-li fa fa-check-square-o\"><\/i>Cafetier\u0103<\/li>\n<li><i class=\"fa-li fa fa-check-square-o\"><\/i>Servicii de de\u015fteptare<\/li>\n<li><i class=\"fa-li fa fa-check-square-o\"><\/i>WiFi gratuit \u00een toate camerele<\/li>\n<\/ul>\n<\/div>\n<\/div>\n<\/div>\n<\/div>\n","protected":false},"excerpt":{"rendered":"<p>Face\u0163i rezervare Studio spa\u0163ios cu aer condi\u0163ionat, balcon \u015fi o mic\u0103 buc\u0103t\u0103rie cu frigider \u015fi posibilit\u0103\u0163i de g\u0103tit. Toate camerele [&hellip;]<\/p>\n","protected":false},"author":1,"featured_media":0,"parent":2917,"menu_order":0,"comment_status":"open","ping_status":"closed","template":"template-full-custom.php","meta":{"_glsr_average":0,"_glsr_ranking":0,"_glsr_reviews":0,"footnotes":""},"class_list":["post-2933","page","type-page","status-publish","hentry"],"aioseo_notices":[],"_links":{"self":[{"href":"https:\/\/www.amaliahotel.eu\/ro\/wp-json\/wp\/v2\/pages\/2933","targetHints":{"allow":["GET"]}}],"collection":[{"href":"https:\/\/www.amaliahotel.eu\/ro\/wp-json\/wp\/v2\/pages"}],"about":[{"href":"https:\/\/www.amaliahotel.eu\/ro\/wp-json\/wp\/v2\/types\/page"}],"author":[{"embeddable":true,"href":"https:\/\/www.amaliahotel.eu\/ro\/wp-json\/wp\/v2\/users\/1"}],"replies":[{"embeddable":true,"href":"https:\/\/www.amaliahotel.eu\/ro\/wp-json\/wp\/v2\/comments?post=2933"}],"version-history":[{"count":5,"href":"https:\/\/www.amaliahotel.eu\/ro\/wp-json\/wp\/v2\/pages\/2933\/revisions"}],"predecessor-version":[{"id":5484,"href":"https:\/\/www.amaliahotel.eu\/ro\/wp-json\/wp\/v2\/pages\/2933\/revisions\/5484"}],"up":[{"embeddable":true,"href":"https:\/\/www.amaliahotel.eu\/ro\/wp-json\/wp\/v2\/pages\/2917"}],"wp:attachment":[{"href":"https:\/\/www.amaliahotel.eu\/ro\/wp-json\/wp\/v2\/media?parent=2933"}],"curies":[{"name":"wp","href":"https:\/\/api.w.org\/{rel}","templated":true}]}}