{"id":2919,"date":"2015-06-30T14:30:16","date_gmt":"2015-06-30T11:30:16","guid":{"rendered":"http:\/\/www.amaliahotel.eu\/index2.php\/?page_id=2919"},"modified":"2015-06-30T14:39:47","modified_gmt":"2015-06-30T11:39:47","slug":"kavala-ro","status":"publish","type":"page","link":"https:\/\/www.amaliahotel.eu\/ro\/kavala-ro\/","title":{"rendered":"Kavala"},"content":{"rendered":"<div class=\"cols-wrapper cols-2\">\n<div class=\"col\">\n<p>Kavala, cetatea albastr\u0103, este plin\u0103 de gra\u0163ie \u015fi frumuse\u0163i neasemuite.<\/p>\n<p>De pe aeroportul interna\u0163ional zilnic se fac zboruri ce fac leg\u0103tura cu Grecia \u015fi Europa, precum de altfel \u015fi prin transportul marin.<\/p>\n<p>Cartierul tradi\u0163ional Panagia este dominat de Cetate. \u00cen cartierul Panagia pute\u0163i \u00eent\u00e2lni Imaretul, Statuia lui Mehmet Ali \u015fi Farul.<\/p>\n<p>\u00cen jude\u0163ul Kavala se reg\u0103sesc numeroase obiective turistice:<\/p>\n<ul>\n<li><strong>Filippi<\/strong>: spa\u0163iu arheologic care a c\u0103p\u0103tat numele lui Filip al II-lea, tat\u0103l lui Alexandru cel Mare.<\/li>\n<li><strong>Baptisteriul Lydiei<\/strong>, unde Apostolul Pavel a botezat-o pe Lydia, Prima Cre\u015ftin\u0103 European\u0103.<\/li>\n<li>Pute\u0163i \u00eent\u00e2lni numeroase locuri de pelerinaj de pe muntele Paggeo. Printre acestea, predomin\u0103 <strong>M\u0103n\u0103stirea Ikosifonissa<\/strong> cu o istorie de 2000 de ani.<\/li>\n<li>Renumite sunt \u015fi <strong>B\u0103ile de n\u0103mol din Krinida<\/strong>.<\/li>\n<li><strong>Keramoti<\/strong><\/li>\n<li><strong>Delta fluviului Nestos<\/strong><\/li>\n<li><strong>Dealurile de Nisip<\/strong><\/li>\n<li>Excursie de o zi pe insula plin\u0103 de vegeta\u0163ie <strong>Thasos<\/strong><\/li>\n<li>\u00cen perioada de var\u0103 pute\u0163i viziona o mul\u0163ime de manifest\u0103ri culturale precum <strong>\u00abFestivalul Filipon\u00bb<\/strong>, <strong>\u00abSoare \u015fi Piatr\u0103\u00bb<\/strong>, \u015f.a.<\/li>\n<\/ul>\n<p>Descrierea complet\u0103 a obiectivelor turistice poate fi g\u0103sit\u0103 pe pagina web:<\/p>\n<p><a href=\"http:\/\/www.kavalagreece.gr\" target=\"_blank\">www.kavalagreece.gr<\/a><\/p>\n<\/div>\n<div class=\"col nomargin\">\n<div class=\"quick-gallery\"><div class=\"qg-img qg-no-title\" data-defwidth=\"383\"><a href=\"https:\/\/www.amaliahotel.eu\/wp-content\/uploads\/2015\/06\/kavala_01.jpg\" data-rel=\"lightbox[group-29191]\" title=\"\" ><img decoding=\"async\" src=\"https:\/\/www.amaliahotel.eu\/wp-content\/uploads\/2015\/06\/kavala_01-383x250.jpg\" alt=\"\"\/><div class=\"qg-overlay\"><span class=\"icon-circle\"><span class=\"pg-icon lightbox-icon\"><\/span><\/span><\/div><\/a><\/div><div class=\"qg-img qg-no-title\" data-defwidth=\"383\"><a href=\"https:\/\/www.amaliahotel.eu\/wp-content\/uploads\/2015\/06\/kavala_07.jpg\" data-rel=\"lightbox[group-29191]\" title=\"\" ><img decoding=\"async\" src=\"https:\/\/www.amaliahotel.eu\/wp-content\/uploads\/2015\/06\/kavala_07-383x250.jpg\" alt=\"\"\/><div class=\"qg-overlay\"><span class=\"icon-circle\"><span class=\"pg-icon lightbox-icon\"><\/span><\/span><\/div><\/a><\/div><div class=\"qg-img qg-no-title\" data-defwidth=\"383\"><a href=\"https:\/\/www.amaliahotel.eu\/wp-content\/uploads\/2015\/06\/kavala_06.jpg\" data-rel=\"lightbox[group-29191]\" title=\"\" ><img decoding=\"async\" src=\"https:\/\/www.amaliahotel.eu\/wp-content\/uploads\/2015\/06\/kavala_06-383x250.jpg\" alt=\"\"\/><div class=\"qg-overlay\"><span class=\"icon-circle\"><span class=\"pg-icon lightbox-icon\"><\/span><\/span><\/div><\/a><\/div><div class=\"qg-img qg-no-title\" data-defwidth=\"383\"><a href=\"https:\/\/www.amaliahotel.eu\/wp-content\/uploads\/2015\/06\/kavala_05.jpg\" data-rel=\"lightbox[group-29191]\" title=\"\" ><img decoding=\"async\" src=\"https:\/\/www.amaliahotel.eu\/wp-content\/uploads\/2015\/06\/kavala_05-383x250.jpg\" alt=\"\"\/><div class=\"qg-overlay\"><span class=\"icon-circle\"><span class=\"pg-icon lightbox-icon\"><\/span><\/span><\/div><\/a><\/div><div class=\"qg-img qg-no-title\" data-defwidth=\"383\"><a href=\"https:\/\/www.amaliahotel.eu\/wp-content\/uploads\/2015\/06\/kavala_04.jpg\" data-rel=\"lightbox[group-29191]\" title=\"\" ><img decoding=\"async\" src=\"https:\/\/www.amaliahotel.eu\/wp-content\/uploads\/2015\/06\/kavala_04-383x250.jpg\" alt=\"\"\/><div class=\"qg-overlay\"><span class=\"icon-circle\"><span class=\"pg-icon lightbox-icon\"><\/span><\/span><\/div><\/a><\/div><div class=\"qg-img qg-no-title\" data-defwidth=\"383\"><a href=\"https:\/\/www.amaliahotel.eu\/wp-content\/uploads\/2015\/06\/kavala_02.jpg\" data-rel=\"lightbox[group-29191]\" title=\"\" ><img decoding=\"async\" src=\"https:\/\/www.amaliahotel.eu\/wp-content\/uploads\/2015\/06\/kavala_02-383x250.jpg\" alt=\"\"\/><div class=\"qg-overlay\"><span class=\"icon-circle\"><span class=\"pg-icon lightbox-icon\"><\/span><\/span><\/div><\/a><\/div><div class=\"clear\"><\/div><\/div>\n<\/div>\n<\/div>\n","protected":false},"excerpt":{"rendered":"<p>Kavala, cetatea albastr\u0103, este plin\u0103 de gra\u0163ie \u015fi frumuse\u0163i neasemuite. De pe aeroportul interna\u0163ional zilnic se fac zboruri ce fac [&hellip;]<\/p>\n","protected":false},"author":1,"featured_media":0,"parent":0,"menu_order":0,"comment_status":"open","ping_status":"closed","template":"template-full-custom.php","meta":{"_glsr_average":0,"_glsr_ranking":0,"_glsr_reviews":0,"footnotes":""},"class_list":["post-2919","page","type-page","status-publish","hentry"],"aioseo_notices":[],"_links":{"self":[{"href":"https:\/\/www.amaliahotel.eu\/ro\/wp-json\/wp\/v2\/pages\/2919","targetHints":{"allow":["GET"]}}],"collection":[{"href":"https:\/\/www.amaliahotel.eu\/ro\/wp-json\/wp\/v2\/pages"}],"about":[{"href":"https:\/\/www.amaliahotel.eu\/ro\/wp-json\/wp\/v2\/types\/page"}],"author":[{"embeddable":true,"href":"https:\/\/www.amaliahotel.eu\/ro\/wp-json\/wp\/v2\/users\/1"}],"replies":[{"embeddable":true,"href":"https:\/\/www.amaliahotel.eu\/ro\/wp-json\/wp\/v2\/comments?post=2919"}],"version-history":[{"count":1,"href":"https:\/\/www.amaliahotel.eu\/ro\/wp-json\/wp\/v2\/pages\/2919\/revisions"}],"predecessor-version":[{"id":2920,"href":"https:\/\/www.amaliahotel.eu\/ro\/wp-json\/wp\/v2\/pages\/2919\/revisions\/2920"}],"wp:attachment":[{"href":"https:\/\/www.amaliahotel.eu\/ro\/wp-json\/wp\/v2\/media?parent=2919"}],"curies":[{"name":"wp","href":"https:\/\/api.w.org\/{rel}","templated":true}]}}