{"id":2917,"date":"2015-06-30T14:22:17","date_gmt":"2015-06-30T11:22:17","guid":{"rendered":"http:\/\/www.amaliahotel.eu\/index2.php\/?page_id=2917"},"modified":"2015-07-09T10:44:41","modified_gmt":"2015-07-09T07:44:41","slug":"diamoni-ro","status":"publish","type":"page","link":"https:\/\/www.amaliahotel.eu\/ro\/diamoni-ro\/","title":{"rendered":"Sejur"},"content":{"rendered":"<p>&nbsp;<\/p>\n<div class=\"cols-wrapper cols-2\">\n<div class=\"col\">\n<p>\u00cen apropiere de minunatul ora\u015f Kavala, \u00een localitatea Palio, departe de zgomotul \u015fi vuietul urban, se afl\u0103 HOTELUL AMALIA.<\/p>\n<p>Este un complex nou de apartamente de lux situat la numai 150 metri de mare. A fost dat \u00een folosin\u0163\u0103 \u00een luna august 2001, fiind renovat \u00een totalitate \u00een anul 2007 precum \u015fi \u00een luna decembrie 2014.<\/p>\n<div class=\"quick-gallery\"><div class=\"qg-img\" data-defwidth=\"383\"><a href=\"https:\/\/www.amaliahotel.eu\/wp-content\/uploads\/2015\/06\/amalia-hotel-owner-01.jpg\" data-rel=\"lightbox[group-29171]\" title=\"\" ><img decoding=\"async\" src=\"https:\/\/www.amaliahotel.eu\/wp-content\/uploads\/2015\/06\/amalia-hotel-owner-01-383x250.jpg\" alt=\"\"\/><div class=\"qg-overlay\"><span class=\"icon-circle\"><span class=\"pg-icon lightbox-icon\"><\/span><\/span><span class=\"qg-title\">Costas<\/span><\/div><\/a><\/div><div class=\"qg-img\" data-defwidth=\"383\"><a href=\"https:\/\/www.amaliahotel.eu\/wp-content\/uploads\/2015\/06\/amalia-hotel-owner-02.jpg\" data-rel=\"lightbox[group-29171]\" title=\"\" ><img decoding=\"async\" src=\"https:\/\/www.amaliahotel.eu\/wp-content\/uploads\/2015\/06\/amalia-hotel-owner-02-383x250.jpg\" alt=\"\"\/><div class=\"qg-overlay\"><span class=\"icon-circle\"><span class=\"pg-icon lightbox-icon\"><\/span><\/span><span class=\"qg-title\">Vassiliki<\/span><\/div><\/a><\/div><div class=\"clear\"><\/div><\/div>\n<\/div>\n<div class=\"col nomargin\">\n<p>HOTELUL AMALIA este alc\u0103tuit din 14 apartamente (cu una \u015fi dou\u0103 camere) mobilate \u015fi complet dotate (dintre care 8 sunt suite).<\/p>\n<p>Toate apartamentele sunt dotate cu aer condi\u0163ionat (r\u0103cire, \u00eenc\u0103lzire), baie deosebit\u0103 \u015fi confortabil\u0103, televizor LCD cu anten\u0103 prin satelit, telefon, balcoane cu vedere la mare \u015fi la munte \u015fi buc\u0103t\u0103rii dotate complet cu frigider, un mic cuptor \u015fi vase de g\u0103tit. Posibilitate de a savura cafeaua sau micul dejun \u00een atmosfera ospitalier\u0103 din cafeteria. Pentru cei care doresc s\u0103 se distreze \u00eempreun\u0103 cu prietenii la gr\u0103tar, se pot folosi de BBQ.<\/p>\n<p>Plaja imens\u0103 de l\u00e2ng\u0103 hotel este ideal\u0103 pentru copiii mici. HOTELUL AMALIA dispune de locuri de parcare, gr\u0103din\u0103, f\u00e2nt\u00e2ni arteziene \u015fi loc de joac\u0103 pentru copii.<\/p>\n<p>Avem la dispozi\u0163ie dou\u0103 apartamente amenajate pentru persoanele cu handicap (1 camer\u0103, 2 camere).<\/p>\n<\/div>\n<\/div>\n<p>&nbsp;<\/p>\n","protected":false},"excerpt":{"rendered":"<p>&nbsp; \u00cen apropiere de minunatul ora\u015f Kavala, \u00een localitatea Palio, departe de zgomotul \u015fi vuietul urban, se afl\u0103 HOTELUL AMALIA. [&hellip;]<\/p>\n","protected":false},"author":1,"featured_media":0,"parent":0,"menu_order":0,"comment_status":"open","ping_status":"closed","template":"template-full-custom.php","meta":{"_glsr_average":0,"_glsr_ranking":0,"_glsr_reviews":0,"footnotes":""},"class_list":["post-2917","page","type-page","status-publish","hentry"],"aioseo_notices":[],"_links":{"self":[{"href":"https:\/\/www.amaliahotel.eu\/ro\/wp-json\/wp\/v2\/pages\/2917","targetHints":{"allow":["GET"]}}],"collection":[{"href":"https:\/\/www.amaliahotel.eu\/ro\/wp-json\/wp\/v2\/pages"}],"about":[{"href":"https:\/\/www.amaliahotel.eu\/ro\/wp-json\/wp\/v2\/types\/page"}],"author":[{"embeddable":true,"href":"https:\/\/www.amaliahotel.eu\/ro\/wp-json\/wp\/v2\/users\/1"}],"replies":[{"embeddable":true,"href":"https:\/\/www.amaliahotel.eu\/ro\/wp-json\/wp\/v2\/comments?post=2917"}],"version-history":[{"count":2,"href":"https:\/\/www.amaliahotel.eu\/ro\/wp-json\/wp\/v2\/pages\/2917\/revisions"}],"predecessor-version":[{"id":5010,"href":"https:\/\/www.amaliahotel.eu\/ro\/wp-json\/wp\/v2\/pages\/2917\/revisions\/5010"}],"wp:attachment":[{"href":"https:\/\/www.amaliahotel.eu\/ro\/wp-json\/wp\/v2\/media?parent=2917"}],"curies":[{"name":"wp","href":"https:\/\/api.w.org\/{rel}","templated":true}]}}