{"id":2915,"date":"2015-06-30T14:15:02","date_gmt":"2015-06-30T11:15:02","guid":{"rendered":"http:\/\/www.amaliahotel.eu\/index2.php\/?page_id=2915"},"modified":"2015-06-30T14:39:53","modified_gmt":"2015-06-30T11:39:53","slug":"palio-ro","status":"publish","type":"page","link":"https:\/\/www.amaliahotel.eu\/ro\/palio-ro\/","title":{"rendered":"Palio"},"content":{"rendered":"<div class=\"cols-wrapper cols-2\">\n<div class=\"col\">\n<p>\u00cen localitatea Palio, jude\u0163ul Kavala, v\u0103 pute\u0163i bucura de mare.<\/p>\n<p>De asemenea, v\u0103 pute\u0163i bucura de toate sporturile maritime: ski, surf, biciclet\u0103 pe mare, etc. la o distan\u0163\u0103 de 5 km.<\/p>\n<p>Coastele st\u00e2ncoase pitore\u015fti sunt ideale pentru pescuit.<\/p>\n<p>Barurile de pe litoral \u015fi tavernele cu gust\u0103rile delicioase sunt aici renumite.<\/p>\n<\/div>\n<div class=\"col nomargin\">\n<div class=\"quick-gallery\"><div class=\"qg-img qg-no-title\" data-defwidth=\"383\"><a href=\"https:\/\/www.amaliahotel.eu\/wp-content\/uploads\/2015\/06\/amalia-hotel_01.jpg\" data-rel=\"lightbox[group-29151]\" title=\"\" ><img decoding=\"async\" src=\"https:\/\/www.amaliahotel.eu\/wp-content\/uploads\/2015\/06\/amalia-hotel_01-383x250.jpg\" alt=\"\"\/><div class=\"qg-overlay\"><span class=\"icon-circle\"><span class=\"pg-icon lightbox-icon\"><\/span><\/span><\/div><\/a><\/div><div class=\"qg-img qg-no-title\" data-defwidth=\"383\"><a href=\"https:\/\/www.amaliahotel.eu\/wp-content\/uploads\/2015\/06\/palio-kavalas_04.jpg\" data-rel=\"lightbox[group-29151]\" title=\"\" ><img decoding=\"async\" src=\"https:\/\/www.amaliahotel.eu\/wp-content\/uploads\/2015\/06\/palio-kavalas_04-383x250.jpg\" alt=\"\"\/><div class=\"qg-overlay\"><span class=\"icon-circle\"><span class=\"pg-icon lightbox-icon\"><\/span><\/span><\/div><\/a><\/div><div class=\"qg-img qg-no-title\" data-defwidth=\"383\"><a href=\"https:\/\/www.amaliahotel.eu\/wp-content\/uploads\/2015\/06\/palio-kavalas_07.jpg\" data-rel=\"lightbox[group-29151]\" title=\"\" ><img decoding=\"async\" src=\"https:\/\/www.amaliahotel.eu\/wp-content\/uploads\/2015\/06\/palio-kavalas_07-383x250.jpg\" alt=\"\"\/><div class=\"qg-overlay\"><span class=\"icon-circle\"><span class=\"pg-icon lightbox-icon\"><\/span><\/span><\/div><\/a><\/div><div class=\"qg-img qg-no-title\" data-defwidth=\"383\"><a href=\"https:\/\/www.amaliahotel.eu\/wp-content\/uploads\/2015\/06\/amalia-hotel_04.jpg\" data-rel=\"lightbox[group-29151]\" title=\"\" ><img decoding=\"async\" src=\"https:\/\/www.amaliahotel.eu\/wp-content\/uploads\/2015\/06\/amalia-hotel_04-383x250.jpg\" alt=\"\"\/><div class=\"qg-overlay\"><span class=\"icon-circle\"><span class=\"pg-icon lightbox-icon\"><\/span><\/span><\/div><\/a><\/div><div class=\"qg-img qg-no-title\" data-defwidth=\"383\"><a href=\"https:\/\/www.amaliahotel.eu\/wp-content\/uploads\/2015\/06\/amalia-hotel_03.jpg\" data-rel=\"lightbox[group-29151]\" title=\"\" ><img decoding=\"async\" src=\"https:\/\/www.amaliahotel.eu\/wp-content\/uploads\/2015\/06\/amalia-hotel_03-383x250.jpg\" alt=\"\"\/><div class=\"qg-overlay\"><span class=\"icon-circle\"><span class=\"pg-icon lightbox-icon\"><\/span><\/span><\/div><\/a><\/div><div class=\"qg-img qg-no-title\" data-defwidth=\"383\"><a href=\"https:\/\/www.amaliahotel.eu\/wp-content\/uploads\/2015\/06\/palio-kavalas_09.jpg\" data-rel=\"lightbox[group-29151]\" title=\"\" ><img decoding=\"async\" src=\"https:\/\/www.amaliahotel.eu\/wp-content\/uploads\/2015\/06\/palio-kavalas_09-383x250.jpg\" alt=\"\"\/><div class=\"qg-overlay\"><span class=\"icon-circle\"><span class=\"pg-icon lightbox-icon\"><\/span><\/span><\/div><\/a><\/div><div class=\"qg-img qg-no-title\" data-defwidth=\"383\"><a href=\"https:\/\/www.amaliahotel.eu\/wp-content\/uploads\/2015\/06\/paralia-mparaki.jpg\" data-rel=\"lightbox[group-29151]\" title=\"\" ><img decoding=\"async\" src=\"https:\/\/www.amaliahotel.eu\/wp-content\/uploads\/2015\/06\/paralia-mparaki-383x250.jpg\" alt=\"\"\/><div class=\"qg-overlay\"><span class=\"icon-circle\"><span class=\"pg-icon lightbox-icon\"><\/span><\/span><\/div><\/a><\/div><div class=\"qg-img qg-no-title\" data-defwidth=\"383\"><a href=\"https:\/\/www.amaliahotel.eu\/wp-content\/uploads\/2015\/06\/amalia-hotel_02.jpg\" data-rel=\"lightbox[group-29151]\" title=\"\" ><img decoding=\"async\" src=\"https:\/\/www.amaliahotel.eu\/wp-content\/uploads\/2015\/06\/amalia-hotel_02-383x250.jpg\" alt=\"\"\/><div class=\"qg-overlay\"><span class=\"icon-circle\"><span class=\"pg-icon lightbox-icon\"><\/span><\/span><\/div><\/a><\/div><div class=\"clear\"><\/div><\/div>\n<\/div>\n<\/div>\n","protected":false},"excerpt":{"rendered":"<p>\u00cen localitatea Palio, jude\u0163ul Kavala, v\u0103 pute\u0163i bucura de mare. De asemenea, v\u0103 pute\u0163i bucura de toate sporturile maritime: ski, [&hellip;]<\/p>\n","protected":false},"author":1,"featured_media":0,"parent":0,"menu_order":0,"comment_status":"open","ping_status":"closed","template":"template-full-custom.php","meta":{"_glsr_average":0,"_glsr_ranking":0,"_glsr_reviews":0,"footnotes":""},"class_list":["post-2915","page","type-page","status-publish","hentry"],"aioseo_notices":[],"_links":{"self":[{"href":"https:\/\/www.amaliahotel.eu\/ro\/wp-json\/wp\/v2\/pages\/2915","targetHints":{"allow":["GET"]}}],"collection":[{"href":"https:\/\/www.amaliahotel.eu\/ro\/wp-json\/wp\/v2\/pages"}],"about":[{"href":"https:\/\/www.amaliahotel.eu\/ro\/wp-json\/wp\/v2\/types\/page"}],"author":[{"embeddable":true,"href":"https:\/\/www.amaliahotel.eu\/ro\/wp-json\/wp\/v2\/users\/1"}],"replies":[{"embeddable":true,"href":"https:\/\/www.amaliahotel.eu\/ro\/wp-json\/wp\/v2\/comments?post=2915"}],"version-history":[{"count":1,"href":"https:\/\/www.amaliahotel.eu\/ro\/wp-json\/wp\/v2\/pages\/2915\/revisions"}],"predecessor-version":[{"id":2916,"href":"https:\/\/www.amaliahotel.eu\/ro\/wp-json\/wp\/v2\/pages\/2915\/revisions\/2916"}],"wp:attachment":[{"href":"https:\/\/www.amaliahotel.eu\/ro\/wp-json\/wp\/v2\/media?parent=2915"}],"curies":[{"name":"wp","href":"https:\/\/api.w.org\/{rel}","templated":true}]}}