{"id":5133,"date":"2015-07-16T13:19:09","date_gmt":"2015-07-16T10:19:09","guid":{"rendered":"http:\/\/www.amaliahotel.eu\/?page_id=5133"},"modified":"2018-02-28T13:59:10","modified_gmt":"2018-02-28T11:59:10","slug":"twin-de","status":"publish","type":"page","link":"https:\/\/www.amaliahotel.eu\/de\/diamoni-de\/twin-de\/","title":{"rendered":"Studio mit 2 Einzelbetten"},"content":{"rendered":"<div class=\"cols-wrapper cols-2\">\n<div class=\"col\">\n<div class=\"quick-gallery\"><div class=\"qg-img qg-no-title\" data-defwidth=\"383\"><a href=\"https:\/\/www.amaliahotel.eu\/wp-content\/uploads\/2015\/06\/twin-01.jpg\" data-rel=\"lightbox[group-51331]\" title=\"\" ><img decoding=\"async\" src=\"https:\/\/www.amaliahotel.eu\/wp-content\/uploads\/2015\/06\/twin-01-383x250.jpg\" alt=\"\"\/><div class=\"qg-overlay\"><span class=\"icon-circle\"><span class=\"pg-icon lightbox-icon\"><\/span><\/span><\/div><\/a><\/div><div class=\"qg-img qg-no-title\" data-defwidth=\"383\"><a href=\"https:\/\/www.amaliahotel.eu\/wp-content\/uploads\/2015\/06\/twin-02.jpg\" data-rel=\"lightbox[group-51331]\" title=\"\" ><img decoding=\"async\" src=\"https:\/\/www.amaliahotel.eu\/wp-content\/uploads\/2015\/06\/twin-02-383x250.jpg\" alt=\"\"\/><div class=\"qg-overlay\"><span class=\"icon-circle\"><span class=\"pg-icon lightbox-icon\"><\/span><\/span><\/div><\/a><\/div><div class=\"qg-img qg-no-title\" data-defwidth=\"383\"><a href=\"https:\/\/www.amaliahotel.eu\/wp-content\/uploads\/2015\/06\/twin-03.jpg\" data-rel=\"lightbox[group-51331]\" title=\"\" ><img decoding=\"async\" src=\"https:\/\/www.amaliahotel.eu\/wp-content\/uploads\/2015\/06\/twin-03-383x250.jpg\" alt=\"\"\/><div class=\"qg-overlay\"><span class=\"icon-circle\"><span class=\"pg-icon lightbox-icon\"><\/span><\/span><\/div><\/a><\/div><div class=\"clear\"><\/div><\/div>\n<p><center><a class=\"button\" style=\"background-color: #913246;\" href=\"http:\/\/www.amaliahotel.eu\/de\/room\/twin\/\">Online-Buchung<\/a><\/center><\/div>\n<div class=\"col nomargin\">\n<p>Dieses ger\u00e4umige, klimatisierte Studio verf\u00fcgt \u00fcber einen Balkon und eine K\u00fcchenzeile mit einem K\u00fchlschrank und Kochm\u00f6glichkeiten. Au\u00dferdem bieten die Zimmer auch ein Schlafsofa.<br \/>\nBitte beachten Sie, dass das Rauchen auf dem Balkon gestattet ist.<\/p>\n<ul class=\"fa-ul\">\n<li><i class=\"fa-li fa fa-expand\"><\/i><strong>Zimmergr\u00f6\u00dfe:<\/strong> 28 m<sup>2<\/sup><\/li>\n<li><i class=\"fa-li fa fa-hotel\"><\/i><strong>Bettenarten:<\/strong> 2 Einzel, 1 Schlafsofa.<\/li>\n<\/ul>\n<h3>Zimmerausstattung:<\/h3>\n<div class=\"title-border\"><\/div>\n<div class=\"cols-wrapper cols-2\">\n<div class=\"col\">\n<ul class=\"fa-ul\">\n<li><i class=\"fa-li fa fa-check-square-o\"><\/i>Balkon<\/li>\n<li><i class=\"fa-li fa fa-check-square-o\"><\/i>Meerblick<\/li>\n<li><i class=\"fa-li fa fa-check-square-o\"><\/i>Bergblick<\/li>\n<li><i class=\"fa-li fa fa-check-square-o\"><\/i>Telefon<\/li>\n<li><i class=\"fa-li fa fa-check-square-o\"><\/i>Safe-kostenfrei<\/li>\n<li><i class=\"fa-li fa fa-check-square-o\"><\/i>Klimaanlage<\/li>\n<li><i class=\"fa-li fa fa-check-square-o\"><\/i>Sofa<\/li>\n<li><i class=\"fa-li fa fa-check-square-o\"><\/i>Schrank<\/li>\n<li><i class=\"fa-li fa fa-check-square-o\"><\/i>W\u00e4schest\u00e4nder<\/li>\n<li><i class=\"fa-li fa fa-check-square-o\"><\/i>Dusche<\/li>\n<li><i class=\"fa-li fa fa-check-square-o\"><\/i>Satelliten-TV<\/li>\n<li><i class=\"fa-li fa fa-check-square-o\"><\/i>Flachbild-TV<\/li>\n<\/ul>\n<\/div>\n<div class=\"col nomargin\">\n<ul class=\"fa-ul\">\n<li><i class=\"fa-li fa fa-check-square-o\"><\/i>Haartrockner<\/li>\n<li><i class=\"fa-li fa fa-check-square-o\"><\/i>Kostenfreie Pflegeprodukte<\/li>\n<li><i class=\"fa-li fa fa-check-square-o\"><\/i>WC<\/li>\n<li><i class=\"fa-li fa fa-check-square-o\"><\/i>Badezimmer<\/li>\n<li><i class=\"fa-li fa fa-check-square-o\"><\/i>Kochnische<\/li>\n<li><i class=\"fa-li fa fa-check-square-o\"><\/i>K\u00fchlschrank<\/li>\n<li><i class=\"fa-li fa fa-check-square-o\"><\/i>K\u00fcchenutensilien<\/li>\n<li><i class=\"fa-li fa fa-check-square-o\"><\/i>Backofen<\/li>\n<li><i class=\"fa-li fa fa-check-square-o\"><\/i>Kochplatten<\/li>\n<li><i class=\"fa-li fa fa-check-square-o\"><\/i>Kaffeemaschine<\/li>\n<li><i class=\"fa-li fa fa-check-square-o\"><\/i>Weckservice<\/li>\n<li><i class=\"fa-li fa fa-check-square-o\"><\/i>WiFi kostenfrei<\/li>\n<\/ul>\n<\/div>\n<\/div>\n<\/div>\n<\/div>\n","protected":false},"excerpt":{"rendered":"<p>Online-Buchung Dieses ger\u00e4umige, klimatisierte Studio verf\u00fcgt \u00fcber einen Balkon und eine K\u00fcchenzeile mit einem K\u00fchlschrank und Kochm\u00f6glichkeiten. Au\u00dferdem bieten die [&hellip;]<\/p>\n","protected":false},"author":1,"featured_media":0,"parent":5090,"menu_order":0,"comment_status":"open","ping_status":"closed","template":"template-full-custom.php","meta":{"_glsr_average":0,"_glsr_ranking":0,"_glsr_reviews":0,"footnotes":""},"class_list":["post-5133","page","type-page","status-publish","hentry"],"aioseo_notices":[],"_links":{"self":[{"href":"https:\/\/www.amaliahotel.eu\/de\/wp-json\/wp\/v2\/pages\/5133","targetHints":{"allow":["GET"]}}],"collection":[{"href":"https:\/\/www.amaliahotel.eu\/de\/wp-json\/wp\/v2\/pages"}],"about":[{"href":"https:\/\/www.amaliahotel.eu\/de\/wp-json\/wp\/v2\/types\/page"}],"author":[{"embeddable":true,"href":"https:\/\/www.amaliahotel.eu\/de\/wp-json\/wp\/v2\/users\/1"}],"replies":[{"embeddable":true,"href":"https:\/\/www.amaliahotel.eu\/de\/wp-json\/wp\/v2\/comments?post=5133"}],"version-history":[{"count":2,"href":"https:\/\/www.amaliahotel.eu\/de\/wp-json\/wp\/v2\/pages\/5133\/revisions"}],"predecessor-version":[{"id":5497,"href":"https:\/\/www.amaliahotel.eu\/de\/wp-json\/wp\/v2\/pages\/5133\/revisions\/5497"}],"up":[{"embeddable":true,"href":"https:\/\/www.amaliahotel.eu\/de\/wp-json\/wp\/v2\/pages\/5090"}],"wp:attachment":[{"href":"https:\/\/www.amaliahotel.eu\/de\/wp-json\/wp\/v2\/media?parent=5133"}],"curies":[{"name":"wp","href":"https:\/\/api.w.org\/{rel}","templated":true}]}}