{"id":5090,"date":"2015-07-16T12:16:38","date_gmt":"2015-07-16T09:16:38","guid":{"rendered":"http:\/\/www.amaliahotel.eu\/?page_id=5090"},"modified":"2015-07-16T12:18:04","modified_gmt":"2015-07-16T09:18:04","slug":"diamoni-de","status":"publish","type":"page","link":"https:\/\/www.amaliahotel.eu\/de\/diamoni-de\/","title":{"rendered":"Aufenthalt"},"content":{"rendered":"<p>&nbsp;<\/p>\n<div class=\"cols-wrapper cols-2\">\n<div class=\"col\">\n<p>In der N\u00e4he von der wundersch\u00f6nen Stadt von Kavala, in Palio, weit von L\u00e4rm der Stadt befindet sich das HOTEL AMALIA.<\/p>\n<p>Es handelt sich um einem Hotel-Komplex, von neuen luxuri\u00f6sen Appartements, nur 150 Meter vorn Meer entfernt. Er wurde im August 2001 er\u00f6ffnet und in den Jahren 2007 und 2014 komplett und neu renoviert.<\/p>\n<div class=\"quick-gallery\"><div class=\"qg-img\" data-defwidth=\"383\"><a href=\"https:\/\/www.amaliahotel.eu\/wp-content\/uploads\/2015\/06\/amalia-hotel-owner-01.jpg\" data-rel=\"lightbox[group-50901]\" title=\"\" ><img decoding=\"async\" src=\"https:\/\/www.amaliahotel.eu\/wp-content\/uploads\/2015\/06\/amalia-hotel-owner-01-383x250.jpg\" alt=\"\"\/><div class=\"qg-overlay\"><span class=\"icon-circle\"><span class=\"pg-icon lightbox-icon\"><\/span><\/span><span class=\"qg-title\">Kostas<\/span><\/div><\/a><\/div><div class=\"qg-img\" data-defwidth=\"383\"><a href=\"https:\/\/www.amaliahotel.eu\/wp-content\/uploads\/2015\/06\/amalia-hotel-owner-02.jpg\" data-rel=\"lightbox[group-50901]\" title=\"\" ><img decoding=\"async\" src=\"https:\/\/www.amaliahotel.eu\/wp-content\/uploads\/2015\/06\/amalia-hotel-owner-02-383x250.jpg\" alt=\"\"\/><div class=\"qg-overlay\"><span class=\"icon-circle\"><span class=\"pg-icon lightbox-icon\"><\/span><\/span><span class=\"qg-title\">Basilika<\/span><\/div><\/a><\/div><div class=\"clear\"><\/div><\/div>\n<\/div>\n<div class=\"col nomargin\">\n<p>Das HOTEL AMALIA hat 14 m\u00f6blierte Appartements (bestehend aus einem und zwei Zimmern) alle vollst\u00e4ndig ausger\u00fcstet, w\u00e4hrend 8 von denen Suiten sind.<\/p>\n<p>Alle Appartements haben eine Klimaanlage (k\u00fchlen\/ heizen), ein eigenes ger\u00e4umiges Badezimmer, Satelliten-TV, Flachbild-TV, Telefon, WiFi- kostenfrei, Balkon mit Aussicht aufs Meer und Bergblick, vollst\u00e4ndig ausger\u00fcstete Pantry &#8211; K\u00fcchen mit K\u00fchlschrank, Kochzeug und kleinen Backofen. In der gastfreundlichen Atmosph\u00e4re des Cafes kann man einen Kaffee oder sein Fr\u00fchst\u00fcck genie\u00dfen. Und derjenige, der mit seinen Freunden Spa\u00df haben m\u00f6chte, kann das Barbecue gebrauchen.<\/p>\n<p>Der wundersch\u00f6ne Strand in der N\u00e4he des Hotels ist geeignet auch f\u00fcr kleine Kinder.<\/p>\n<p>Das HOTEL AMALIA verf\u00fcgt \u00fcber einen Parkplatz, Garten, Springbrunnen und Spielplatz, w\u00e4hrend zwei Apartments ebenfalls behinderengerecht eingerichtet sind.<\/p>\n<\/div>\n<\/div>\n<p>&nbsp;<\/p>\n","protected":false},"excerpt":{"rendered":"<p>&nbsp; In der N\u00e4he von der wundersch\u00f6nen Stadt von Kavala, in Palio, weit von L\u00e4rm der Stadt befindet sich das [&hellip;]<\/p>\n","protected":false},"author":1,"featured_media":0,"parent":0,"menu_order":0,"comment_status":"open","ping_status":"closed","template":"template-full-custom.php","meta":{"_glsr_average":0,"_glsr_ranking":0,"_glsr_reviews":0,"footnotes":""},"class_list":["post-5090","page","type-page","status-publish","hentry"],"aioseo_notices":[],"_links":{"self":[{"href":"https:\/\/www.amaliahotel.eu\/de\/wp-json\/wp\/v2\/pages\/5090","targetHints":{"allow":["GET"]}}],"collection":[{"href":"https:\/\/www.amaliahotel.eu\/de\/wp-json\/wp\/v2\/pages"}],"about":[{"href":"https:\/\/www.amaliahotel.eu\/de\/wp-json\/wp\/v2\/types\/page"}],"author":[{"embeddable":true,"href":"https:\/\/www.amaliahotel.eu\/de\/wp-json\/wp\/v2\/users\/1"}],"replies":[{"embeddable":true,"href":"https:\/\/www.amaliahotel.eu\/de\/wp-json\/wp\/v2\/comments?post=5090"}],"version-history":[{"count":2,"href":"https:\/\/www.amaliahotel.eu\/de\/wp-json\/wp\/v2\/pages\/5090\/revisions"}],"predecessor-version":[{"id":5095,"href":"https:\/\/www.amaliahotel.eu\/de\/wp-json\/wp\/v2\/pages\/5090\/revisions\/5095"}],"wp:attachment":[{"href":"https:\/\/www.amaliahotel.eu\/de\/wp-json\/wp\/v2\/media?parent=5090"}],"curies":[{"name":"wp","href":"https:\/\/api.w.org\/{rel}","templated":true}]}}