{"id":5076,"date":"2015-07-16T12:11:08","date_gmt":"2015-07-16T09:11:08","guid":{"rendered":"http:\/\/www.amaliahotel.eu\/?page_id=5076"},"modified":"2015-07-16T12:11:08","modified_gmt":"2015-07-16T09:11:08","slug":"to-palio-de","status":"publish","type":"page","link":"https:\/\/www.amaliahotel.eu\/de\/to-palio-de\/","title":{"rendered":"Palio"},"content":{"rendered":"<div class=\"cols-wrapper cols-2\">\n<div class=\"col\">\n<p>In Palio Kavala k\u00f6nnen Sie Schwimmen gehen.<\/p>\n<p>Sie k\u00f6nnen noch auch nur 5 klm entfernt von Hotel Wassersportaktivit\u00e4ten genie\u00dfen: Wasserski, Surfing, Wasserfahrrad usw.<\/p>\n<p>Seine malerischen Steinstr\u00e4nde sind geeignet f\u00fcrs Fischen und das Speerfischen.<\/p>\n<p>Ber\u00fchmt sind die Bars und Tavernen mit den k\u00f6stlichen &#8222;Mezedes&#8220; (griechische Spezialit\u00e4ten) am Meer.<\/p>\n<\/div>\n<div class=\"col nomargin\">\n<div class=\"quick-gallery\"><div class=\"qg-img qg-no-title\" data-defwidth=\"383\"><a href=\"https:\/\/www.amaliahotel.eu\/wp-content\/uploads\/2015\/06\/amalia-hotel_01.jpg\" data-rel=\"lightbox[group-50761]\" title=\"\" ><img decoding=\"async\" src=\"https:\/\/www.amaliahotel.eu\/wp-content\/uploads\/2015\/06\/amalia-hotel_01-383x250.jpg\" alt=\"\"\/><div class=\"qg-overlay\"><span class=\"icon-circle\"><span class=\"pg-icon lightbox-icon\"><\/span><\/span><\/div><\/a><\/div><div class=\"qg-img qg-no-title\" data-defwidth=\"383\"><a href=\"https:\/\/www.amaliahotel.eu\/wp-content\/uploads\/2015\/06\/palio-kavalas_04.jpg\" data-rel=\"lightbox[group-50761]\" title=\"\" ><img decoding=\"async\" src=\"https:\/\/www.amaliahotel.eu\/wp-content\/uploads\/2015\/06\/palio-kavalas_04-383x250.jpg\" alt=\"\"\/><div class=\"qg-overlay\"><span class=\"icon-circle\"><span class=\"pg-icon lightbox-icon\"><\/span><\/span><\/div><\/a><\/div><div class=\"qg-img qg-no-title\" data-defwidth=\"383\"><a href=\"https:\/\/www.amaliahotel.eu\/wp-content\/uploads\/2015\/06\/palio-kavalas_07.jpg\" data-rel=\"lightbox[group-50761]\" title=\"\" ><img decoding=\"async\" src=\"https:\/\/www.amaliahotel.eu\/wp-content\/uploads\/2015\/06\/palio-kavalas_07-383x250.jpg\" alt=\"\"\/><div class=\"qg-overlay\"><span class=\"icon-circle\"><span class=\"pg-icon lightbox-icon\"><\/span><\/span><\/div><\/a><\/div><div class=\"qg-img qg-no-title\" data-defwidth=\"383\"><a href=\"https:\/\/www.amaliahotel.eu\/wp-content\/uploads\/2015\/06\/amalia-hotel_04.jpg\" data-rel=\"lightbox[group-50761]\" title=\"\" ><img decoding=\"async\" src=\"https:\/\/www.amaliahotel.eu\/wp-content\/uploads\/2015\/06\/amalia-hotel_04-383x250.jpg\" alt=\"\"\/><div class=\"qg-overlay\"><span class=\"icon-circle\"><span class=\"pg-icon lightbox-icon\"><\/span><\/span><\/div><\/a><\/div><div class=\"qg-img qg-no-title\" data-defwidth=\"383\"><a href=\"https:\/\/www.amaliahotel.eu\/wp-content\/uploads\/2015\/06\/amalia-hotel_03.jpg\" data-rel=\"lightbox[group-50761]\" title=\"\" ><img decoding=\"async\" src=\"https:\/\/www.amaliahotel.eu\/wp-content\/uploads\/2015\/06\/amalia-hotel_03-383x250.jpg\" alt=\"\"\/><div class=\"qg-overlay\"><span class=\"icon-circle\"><span class=\"pg-icon lightbox-icon\"><\/span><\/span><\/div><\/a><\/div><div class=\"qg-img qg-no-title\" data-defwidth=\"383\"><a href=\"https:\/\/www.amaliahotel.eu\/wp-content\/uploads\/2015\/06\/palio-kavalas_09.jpg\" data-rel=\"lightbox[group-50761]\" title=\"\" ><img decoding=\"async\" src=\"https:\/\/www.amaliahotel.eu\/wp-content\/uploads\/2015\/06\/palio-kavalas_09-383x250.jpg\" alt=\"\"\/><div class=\"qg-overlay\"><span class=\"icon-circle\"><span class=\"pg-icon lightbox-icon\"><\/span><\/span><\/div><\/a><\/div><div class=\"qg-img qg-no-title\" data-defwidth=\"383\"><a href=\"https:\/\/www.amaliahotel.eu\/wp-content\/uploads\/2015\/06\/paralia-mparaki.jpg\" data-rel=\"lightbox[group-50761]\" title=\"\" ><img decoding=\"async\" src=\"https:\/\/www.amaliahotel.eu\/wp-content\/uploads\/2015\/06\/paralia-mparaki-383x250.jpg\" alt=\"\"\/><div class=\"qg-overlay\"><span class=\"icon-circle\"><span class=\"pg-icon lightbox-icon\"><\/span><\/span><\/div><\/a><\/div><div class=\"qg-img qg-no-title\" data-defwidth=\"383\"><a href=\"https:\/\/www.amaliahotel.eu\/wp-content\/uploads\/2015\/06\/amalia-hotel_02.jpg\" data-rel=\"lightbox[group-50761]\" title=\"\" ><img decoding=\"async\" src=\"https:\/\/www.amaliahotel.eu\/wp-content\/uploads\/2015\/06\/amalia-hotel_02-383x250.jpg\" alt=\"\"\/><div class=\"qg-overlay\"><span class=\"icon-circle\"><span class=\"pg-icon lightbox-icon\"><\/span><\/span><\/div><\/a><\/div><div class=\"clear\"><\/div><\/div>\n<\/div>\n<\/div>\n","protected":false},"excerpt":{"rendered":"<p>In Palio Kavala k\u00f6nnen Sie Schwimmen gehen. Sie k\u00f6nnen noch auch nur 5 klm entfernt von Hotel Wassersportaktivit\u00e4ten genie\u00dfen: Wasserski, [&hellip;]<\/p>\n","protected":false},"author":1,"featured_media":0,"parent":0,"menu_order":0,"comment_status":"open","ping_status":"closed","template":"template-full-custom.php","meta":{"_glsr_average":0,"_glsr_ranking":0,"_glsr_reviews":0,"footnotes":""},"class_list":["post-5076","page","type-page","status-publish","hentry"],"aioseo_notices":[],"_links":{"self":[{"href":"https:\/\/www.amaliahotel.eu\/de\/wp-json\/wp\/v2\/pages\/5076","targetHints":{"allow":["GET"]}}],"collection":[{"href":"https:\/\/www.amaliahotel.eu\/de\/wp-json\/wp\/v2\/pages"}],"about":[{"href":"https:\/\/www.amaliahotel.eu\/de\/wp-json\/wp\/v2\/types\/page"}],"author":[{"embeddable":true,"href":"https:\/\/www.amaliahotel.eu\/de\/wp-json\/wp\/v2\/users\/1"}],"replies":[{"embeddable":true,"href":"https:\/\/www.amaliahotel.eu\/de\/wp-json\/wp\/v2\/comments?post=5076"}],"version-history":[{"count":1,"href":"https:\/\/www.amaliahotel.eu\/de\/wp-json\/wp\/v2\/pages\/5076\/revisions"}],"predecessor-version":[{"id":5077,"href":"https:\/\/www.amaliahotel.eu\/de\/wp-json\/wp\/v2\/pages\/5076\/revisions\/5077"}],"wp:attachment":[{"href":"https:\/\/www.amaliahotel.eu\/de\/wp-json\/wp\/v2\/media?parent=5076"}],"curies":[{"name":"wp","href":"https:\/\/api.w.org\/{rel}","templated":true}]}}