{"id":5072,"date":"2015-07-16T12:08:09","date_gmt":"2015-07-16T09:08:09","guid":{"rendered":"http:\/\/www.amaliahotel.eu\/?page_id=5072"},"modified":"2015-07-16T12:08:09","modified_gmt":"2015-07-16T09:08:09","slug":"h-kavala-de","status":"publish","type":"page","link":"https:\/\/www.amaliahotel.eu\/de\/h-kavala-de\/","title":{"rendered":"Kavala"},"content":{"rendered":"<div class=\"cols-wrapper cols-2\">\n<div class=\"col\">\n<p>Kavala, die &#8222;Blaue&#8220; Stadt, ist voll von Anmut und unvergleichlichen Sch\u00f6nheiten.<\/p>\n<p>Sie hat einen internationalen Flughafen, der sie t\u00e4glich mit Griechenland und Europa verbindet, w\u00e4hrend sie ebenfalls Seeverkehr mit griechische Inseln hat.<\/p>\n<p>Im traditionellen Stadtteil von Panagia befindet sich die Burg, Imaret, die Statue von Mechmet Ali und der Leuchtturm.<\/p>\n<p>In der Pr\u00e4fektur Kavala gibt es viele Sehensw\u00fcrdigkeiten:<\/p>\n<ul>\n<li><strong>Philippi<\/strong>: arch\u00e4ologische St\u00e4tte, die ihren Namen von Philipp dem II., Vater des Alexanders der Gro\u00dfen, erhielt.<\/li>\n<li>Das <strong>Baptisterium der heiligen Lydia<\/strong>, wo Apostel Paulus, Lydia, die erste Christin Europas, taufte.<\/li>\n<li>Man kann viele Wallfahrtsorte auf dem Berg Paggeon besuchen. Zwischen diesen herrscht das <strong>Kloster von Ikosifinissa<\/strong> das 2000 Jahre alt ist.<\/li>\n<li>Ber\u00fchmt sind die <strong>Schlammb\u00e4der von Krinides<\/strong>.<\/li>\n<li><strong>Keramoti<\/strong><\/li>\n<li>Das <strong>Flussdelta des Nestus<\/strong><\/li>\n<li>Die <strong>D\u00fcnenstr\u00e4nde Ammolofi<\/strong><\/li>\n<li>Die gr\u00fcne <strong>Insel von Thassos<\/strong>, geeignet f\u00fcr Tagesausfl\u00fcge.<\/li>\n<li>Im Sommer kann man viele kulturelle Veranstaltungen besuchen: das <strong>&#8222;Festival von Philippi&#8220;<\/strong>, das Festival <strong>&#8222;llios ke Petra (Sonne und Stein)&#8220;<\/strong>, usw.<\/li>\n<\/ul>\n<p>Ausf\u00fchrliche Beschreibungen der Sehensw\u00fcrdigkeiten kann man auf der folgende Webseite finden:<\/p>\n<p><a href=\"http:\/\/www.kavalagreece.gr\" target=\"_blank\">www.kavalagreece.gr<\/a><\/p>\n<\/div>\n<div class=\"col nomargin\">\n<div class=\"quick-gallery\"><div class=\"qg-img qg-no-title\" data-defwidth=\"383\"><a href=\"https:\/\/www.amaliahotel.eu\/wp-content\/uploads\/2015\/06\/kavala_01.jpg\" data-rel=\"lightbox[group-50721]\" title=\"\" ><img decoding=\"async\" src=\"https:\/\/www.amaliahotel.eu\/wp-content\/uploads\/2015\/06\/kavala_01-383x250.jpg\" alt=\"\"\/><div class=\"qg-overlay\"><span class=\"icon-circle\"><span class=\"pg-icon lightbox-icon\"><\/span><\/span><\/div><\/a><\/div><div class=\"qg-img qg-no-title\" data-defwidth=\"383\"><a href=\"https:\/\/www.amaliahotel.eu\/wp-content\/uploads\/2015\/06\/kavala_07.jpg\" data-rel=\"lightbox[group-50721]\" title=\"\" ><img decoding=\"async\" src=\"https:\/\/www.amaliahotel.eu\/wp-content\/uploads\/2015\/06\/kavala_07-383x250.jpg\" alt=\"\"\/><div class=\"qg-overlay\"><span class=\"icon-circle\"><span class=\"pg-icon lightbox-icon\"><\/span><\/span><\/div><\/a><\/div><div class=\"qg-img qg-no-title\" data-defwidth=\"383\"><a href=\"https:\/\/www.amaliahotel.eu\/wp-content\/uploads\/2015\/06\/kavala_06.jpg\" data-rel=\"lightbox[group-50721]\" title=\"\" ><img decoding=\"async\" src=\"https:\/\/www.amaliahotel.eu\/wp-content\/uploads\/2015\/06\/kavala_06-383x250.jpg\" alt=\"\"\/><div class=\"qg-overlay\"><span class=\"icon-circle\"><span class=\"pg-icon lightbox-icon\"><\/span><\/span><\/div><\/a><\/div><div class=\"qg-img qg-no-title\" data-defwidth=\"383\"><a href=\"https:\/\/www.amaliahotel.eu\/wp-content\/uploads\/2015\/06\/kavala_05.jpg\" data-rel=\"lightbox[group-50721]\" title=\"\" ><img decoding=\"async\" src=\"https:\/\/www.amaliahotel.eu\/wp-content\/uploads\/2015\/06\/kavala_05-383x250.jpg\" alt=\"\"\/><div class=\"qg-overlay\"><span class=\"icon-circle\"><span class=\"pg-icon lightbox-icon\"><\/span><\/span><\/div><\/a><\/div><div class=\"qg-img qg-no-title\" data-defwidth=\"383\"><a href=\"https:\/\/www.amaliahotel.eu\/wp-content\/uploads\/2015\/06\/kavala_04.jpg\" data-rel=\"lightbox[group-50721]\" title=\"\" ><img decoding=\"async\" src=\"https:\/\/www.amaliahotel.eu\/wp-content\/uploads\/2015\/06\/kavala_04-383x250.jpg\" alt=\"\"\/><div class=\"qg-overlay\"><span class=\"icon-circle\"><span class=\"pg-icon lightbox-icon\"><\/span><\/span><\/div><\/a><\/div><div class=\"qg-img qg-no-title\" data-defwidth=\"383\"><a href=\"https:\/\/www.amaliahotel.eu\/wp-content\/uploads\/2015\/06\/kavala_02.jpg\" data-rel=\"lightbox[group-50721]\" title=\"\" ><img decoding=\"async\" src=\"https:\/\/www.amaliahotel.eu\/wp-content\/uploads\/2015\/06\/kavala_02-383x250.jpg\" alt=\"\"\/><div class=\"qg-overlay\"><span class=\"icon-circle\"><span class=\"pg-icon lightbox-icon\"><\/span><\/span><\/div><\/a><\/div><div class=\"clear\"><\/div><\/div>\n<\/div>\n<\/div>\n","protected":false},"excerpt":{"rendered":"<p>Kavala, die &#8222;Blaue&#8220; Stadt, ist voll von Anmut und unvergleichlichen Sch\u00f6nheiten. Sie hat einen internationalen Flughafen, der sie t\u00e4glich mit [&hellip;]<\/p>\n","protected":false},"author":1,"featured_media":0,"parent":0,"menu_order":0,"comment_status":"open","ping_status":"closed","template":"template-full-custom.php","meta":{"_glsr_average":0,"_glsr_ranking":0,"_glsr_reviews":0,"footnotes":""},"class_list":["post-5072","page","type-page","status-publish","hentry"],"aioseo_notices":[],"_links":{"self":[{"href":"https:\/\/www.amaliahotel.eu\/de\/wp-json\/wp\/v2\/pages\/5072","targetHints":{"allow":["GET"]}}],"collection":[{"href":"https:\/\/www.amaliahotel.eu\/de\/wp-json\/wp\/v2\/pages"}],"about":[{"href":"https:\/\/www.amaliahotel.eu\/de\/wp-json\/wp\/v2\/types\/page"}],"author":[{"embeddable":true,"href":"https:\/\/www.amaliahotel.eu\/de\/wp-json\/wp\/v2\/users\/1"}],"replies":[{"embeddable":true,"href":"https:\/\/www.amaliahotel.eu\/de\/wp-json\/wp\/v2\/comments?post=5072"}],"version-history":[{"count":1,"href":"https:\/\/www.amaliahotel.eu\/de\/wp-json\/wp\/v2\/pages\/5072\/revisions"}],"predecessor-version":[{"id":5075,"href":"https:\/\/www.amaliahotel.eu\/de\/wp-json\/wp\/v2\/pages\/5072\/revisions\/5075"}],"wp:attachment":[{"href":"https:\/\/www.amaliahotel.eu\/de\/wp-json\/wp\/v2\/media?parent=5072"}],"curies":[{"name":"wp","href":"https:\/\/api.w.org\/{rel}","templated":true}]}}